{"id":75,"date":"2025-07-17T20:46:47","date_gmt":"2025-07-17T20:46:47","guid":{"rendered":"http:\/\/coralieleufroy.fr\/?page_id=75"},"modified":"2025-09-03T14:22:05","modified_gmt":"2025-09-03T14:22:05","slug":"affiches-deco","status":"publish","type":"page","link":"https:\/\/coralieleufroy.fr\/index.php\/affiches-deco\/","title":{"rendered":"Affiches d\u00e9coratives"},"content":{"rendered":"\n<h2 class=\"wp-block-heading alignfull has-text-align-center\">Affiches d\u00e9coratives<\/h2>\n\n\n\n<p class=\"has-text-align-center\">J\u2019ai con\u00e7u plusieurs affiches assorties, pens\u00e9es pour compl\u00e9ter et sublimer une d\u00e9coration int\u00e9rieure.<\/p>\n\n\n\n<figure class=\"wp-block-gallery alignfull has-nested-images columns-2 wp-block-gallery-1 is-layout-flex wp-block-gallery-is-layout-flex\">\n<figure class=\"wp-block-image size-large\"><a href=\"https:\/\/youtube.com\/shorts\/BkXM5rCQcOw\"><img loading=\"lazy\" decoding=\"async\" width=\"728\" height=\"1024\" data-id=\"79\" src=\"https:\/\/coralieleufroy.fr\/wp-content\/uploads\/2025\/07\/PERTH-copie-728x1024.png\" alt=\"\" class=\"wp-image-79\" srcset=\"https:\/\/coralieleufroy.fr\/wp-content\/uploads\/2025\/07\/PERTH-copie-728x1024.png 728w, https:\/\/coralieleufroy.fr\/wp-content\/uploads\/2025\/07\/PERTH-copie-213x300.png 213w, https:\/\/coralieleufroy.fr\/wp-content\/uploads\/2025\/07\/PERTH-copie-768x1080.png 768w, https:\/\/coralieleufroy.fr\/wp-content\/uploads\/2025\/07\/PERTH-copie-1093x1536.png 1093w, https:\/\/coralieleufroy.fr\/wp-content\/uploads\/2025\/07\/PERTH-copie-1457x2048.png 1457w, https:\/\/coralieleufroy.fr\/wp-content\/uploads\/2025\/07\/PERTH-copie-scaled.png 1821w\" sizes=\"auto, (max-width: 728px) 100vw, 728px\" \/><\/a><\/figure>\n\n\n\n<figure class=\"wp-block-image size-large\"><a href=\"https:\/\/youtube.com\/shorts\/BkXM5rCQcOw\"><img loading=\"lazy\" decoding=\"async\" width=\"728\" height=\"1024\" data-id=\"80\" src=\"https:\/\/coralieleufroy.fr\/wp-content\/uploads\/2025\/07\/MIAMI-copie-728x1024.png\" alt=\"\" class=\"wp-image-80\" srcset=\"https:\/\/coralieleufroy.fr\/wp-content\/uploads\/2025\/07\/MIAMI-copie-728x1024.png 728w, https:\/\/coralieleufroy.fr\/wp-content\/uploads\/2025\/07\/MIAMI-copie-213x300.png 213w, https:\/\/coralieleufroy.fr\/wp-content\/uploads\/2025\/07\/MIAMI-copie-768x1080.png 768w, https:\/\/coralieleufroy.fr\/wp-content\/uploads\/2025\/07\/MIAMI-copie-1093x1536.png 1093w, https:\/\/coralieleufroy.fr\/wp-content\/uploads\/2025\/07\/MIAMI-copie-1457x2048.png 1457w, https:\/\/coralieleufroy.fr\/wp-content\/uploads\/2025\/07\/MIAMI-copie-scaled.png 1821w\" sizes=\"auto, (max-width: 728px) 100vw, 728px\" \/><\/a><\/figure>\n\n\n\n<figure class=\"wp-block-image size-large\"><a href=\"https:\/\/youtube.com\/shorts\/BkXM5rCQcOw\"><img loading=\"lazy\" decoding=\"async\" width=\"730\" height=\"1024\" data-id=\"76\" src=\"https:\/\/coralieleufroy.fr\/wp-content\/uploads\/2025\/07\/IVRE-DE-BONHEUR-1-730x1024.png\" alt=\"\" class=\"wp-image-76\" srcset=\"https:\/\/coralieleufroy.fr\/wp-content\/uploads\/2025\/07\/IVRE-DE-BONHEUR-1-730x1024.png 730w, https:\/\/coralieleufroy.fr\/wp-content\/uploads\/2025\/07\/IVRE-DE-BONHEUR-1-214x300.png 214w, https:\/\/coralieleufroy.fr\/wp-content\/uploads\/2025\/07\/IVRE-DE-BONHEUR-1-768x1077.png 768w, https:\/\/coralieleufroy.fr\/wp-content\/uploads\/2025\/07\/IVRE-DE-BONHEUR-1-1095x1536.png 1095w, https:\/\/coralieleufroy.fr\/wp-content\/uploads\/2025\/07\/IVRE-DE-BONHEUR-1-1460x2048.png 1460w, https:\/\/coralieleufroy.fr\/wp-content\/uploads\/2025\/07\/IVRE-DE-BONHEUR-1-scaled.png 1825w\" sizes=\"auto, (max-width: 730px) 100vw, 730px\" \/><\/a><\/figure>\n\n\n\n<figure class=\"wp-block-image size-large\"><a href=\"https:\/\/youtube.com\/shorts\/BkXM5rCQcOw\"><img loading=\"lazy\" decoding=\"async\" width=\"728\" height=\"1024\" data-id=\"77\" src=\"https:\/\/coralieleufroy.fr\/wp-content\/uploads\/2025\/07\/VACHETTE-728x1024.png\" alt=\"\" class=\"wp-image-77\" srcset=\"https:\/\/coralieleufroy.fr\/wp-content\/uploads\/2025\/07\/VACHETTE-728x1024.png 728w, https:\/\/coralieleufroy.fr\/wp-content\/uploads\/2025\/07\/VACHETTE-213x300.png 213w, https:\/\/coralieleufroy.fr\/wp-content\/uploads\/2025\/07\/VACHETTE-768x1080.png 768w, https:\/\/coralieleufroy.fr\/wp-content\/uploads\/2025\/07\/VACHETTE-1093x1536.png 1093w, https:\/\/coralieleufroy.fr\/wp-content\/uploads\/2025\/07\/VACHETTE-1457x2048.png 1457w, https:\/\/coralieleufroy.fr\/wp-content\/uploads\/2025\/07\/VACHETTE-scaled.png 1821w\" sizes=\"auto, (max-width: 728px) 100vw, 728px\" \/><\/a><\/figure>\n\n\n\n<figure class=\"wp-block-image size-large\"><a href=\"https:\/\/youtube.com\/shorts\/BkXM5rCQcOw\"><img loading=\"lazy\" decoding=\"async\" width=\"1024\" height=\"730\" data-id=\"78\" src=\"https:\/\/coralieleufroy.fr\/wp-content\/uploads\/2025\/07\/tigrou-1024x730.png\" alt=\"\" class=\"wp-image-78\" srcset=\"https:\/\/coralieleufroy.fr\/wp-content\/uploads\/2025\/07\/tigrou-1024x730.png 1024w, https:\/\/coralieleufroy.fr\/wp-content\/uploads\/2025\/07\/tigrou-300x214.png 300w, https:\/\/coralieleufroy.fr\/wp-content\/uploads\/2025\/07\/tigrou-768x547.png 768w, https:\/\/coralieleufroy.fr\/wp-content\/uploads\/2025\/07\/tigrou-1536x1095.png 1536w, https:\/\/coralieleufroy.fr\/wp-content\/uploads\/2025\/07\/tigrou-2048x1460.png 2048w\" sizes=\"auto, (max-width: 1024px) 100vw, 1024px\" \/><\/a><\/figure>\n<\/figure>\n","protected":false},"excerpt":{"rendered":"<p>Affiches d\u00e9coratives J\u2019ai con\u00e7u plusieurs affiches assorties, pens\u00e9es pour compl\u00e9ter et sublimer une d\u00e9coration int\u00e9rieure.<\/p>\n","protected":false},"author":1,"featured_media":0,"parent":0,"menu_order":0,"comment_status":"closed","ping_status":"closed","template":"","meta":{"footnotes":""},"class_list":["post-75","page","type-page","status-publish","hentry"],"_links":{"self":[{"href":"https:\/\/coralieleufroy.fr\/index.php\/wp-json\/wp\/v2\/pages\/75","targetHints":{"allow":["GET"]}}],"collection":[{"href":"https:\/\/coralieleufroy.fr\/index.php\/wp-json\/wp\/v2\/pages"}],"about":[{"href":"https:\/\/coralieleufroy.fr\/index.php\/wp-json\/wp\/v2\/types\/page"}],"author":[{"embeddable":true,"href":"https:\/\/coralieleufroy.fr\/index.php\/wp-json\/wp\/v2\/users\/1"}],"replies":[{"embeddable":true,"href":"https:\/\/coralieleufroy.fr\/index.php\/wp-json\/wp\/v2\/comments?post=75"}],"version-history":[{"count":5,"href":"https:\/\/coralieleufroy.fr\/index.php\/wp-json\/wp\/v2\/pages\/75\/revisions"}],"predecessor-version":[{"id":203,"href":"https:\/\/coralieleufroy.fr\/index.php\/wp-json\/wp\/v2\/pages\/75\/revisions\/203"}],"wp:attachment":[{"href":"https:\/\/coralieleufroy.fr\/index.php\/wp-json\/wp\/v2\/media?parent=75"}],"curies":[{"name":"wp","href":"https:\/\/api.w.org\/{rel}","templated":true}]}}