{"id":65,"date":"2025-07-17T20:35:56","date_gmt":"2025-07-17T20:35:56","guid":{"rendered":"http:\/\/coralieleufroy.fr\/?page_id=65"},"modified":"2025-07-18T12:15:21","modified_gmt":"2025-07-18T12:15:21","slug":"elodie-loubat-photo","status":"publish","type":"page","link":"https:\/\/coralieleufroy.fr\/index.php\/elodie-loubat-photo\/","title":{"rendered":"Elodie Loubat &#8211; Photographe"},"content":{"rendered":"\n<h2 class=\"wp-block-heading alignfull has-text-align-center\">Elodie Loubat &#8211; Photographe<\/h2>\n\n\n\n<div class=\"wp-block-media-text alignfull is-stacked-on-mobile\" style=\"grid-template-columns:49% auto\"><figure class=\"wp-block-media-text__media\"><a href=\"https:\/\/elodieloubat.myportfolio.com\/work\" target=\"_blank\" rel=\" noreferrer noopener\"><img loading=\"lazy\" decoding=\"async\" width=\"1024\" height=\"873\" src=\"https:\/\/coralieleufroy.fr\/wp-content\/uploads\/2025\/07\/LOGO_Couleurs_fondBLEU-1024x873.png\" alt=\"\" class=\"wp-image-66 size-full\" srcset=\"https:\/\/coralieleufroy.fr\/wp-content\/uploads\/2025\/07\/LOGO_Couleurs_fondBLEU-1024x873.png 1024w, https:\/\/coralieleufroy.fr\/wp-content\/uploads\/2025\/07\/LOGO_Couleurs_fondBLEU-300x256.png 300w, https:\/\/coralieleufroy.fr\/wp-content\/uploads\/2025\/07\/LOGO_Couleurs_fondBLEU-768x655.png 768w, https:\/\/coralieleufroy.fr\/wp-content\/uploads\/2025\/07\/LOGO_Couleurs_fondBLEU-1536x1309.png 1536w, https:\/\/coralieleufroy.fr\/wp-content\/uploads\/2025\/07\/LOGO_Couleurs_fondBLEU-2048x1746.png 2048w\" sizes=\"auto, (max-width: 1024px) 100vw, 1024px\" \/><\/a><\/figure><div class=\"wp-block-media-text__content\">\n<p>\u00c9lodie Loubat est une photographe sp\u00e9cialis\u00e9e dans le reportage, l\u2019architecture et la photographie sportive. Elle m\u2019a fait confiance pour cr\u00e9er une identit\u00e9 visuelle unique, \u00e0 son image, qui refl\u00e8te pleinement son activit\u00e9.<\/p>\n\n\n\n<p>J\u2019ai ainsi con\u00e7u un logo bas\u00e9 sur ses initiales, dispos\u00e9es en miroir pour former un cadre photo. Ce symbole dynamique \u00e9voque \u00e0 la fois l\u2019instant captur\u00e9 et le regard du photographe \u00e0 travers l\u2019objectif : une repr\u00e9sentation simple et forte de son m\u00e9tier.<\/p>\n<\/div><\/div>\n\n\n\n<figure class=\"wp-block-image alignfull size-large\"><a href=\"https:\/\/elodieloubat.myportfolio.com\/work\" target=\"_blank\" rel=\" noreferrer noopener\"><img loading=\"lazy\" decoding=\"async\" width=\"1024\" height=\"614\" src=\"https:\/\/coralieleufroy.fr\/wp-content\/uploads\/2025\/07\/mockup-1024x614.webp\" alt=\"\" class=\"wp-image-73\" srcset=\"https:\/\/coralieleufroy.fr\/wp-content\/uploads\/2025\/07\/mockup-1024x614.webp 1024w, https:\/\/coralieleufroy.fr\/wp-content\/uploads\/2025\/07\/mockup-300x180.webp 300w, https:\/\/coralieleufroy.fr\/wp-content\/uploads\/2025\/07\/mockup-768x461.webp 768w, https:\/\/coralieleufroy.fr\/wp-content\/uploads\/2025\/07\/mockup-1536x922.webp 1536w, https:\/\/coralieleufroy.fr\/wp-content\/uploads\/2025\/07\/mockup-2048x1229.webp 2048w\" sizes=\"auto, (max-width: 1024px) 100vw, 1024px\" \/><\/a><\/figure>\n","protected":false},"excerpt":{"rendered":"<p>Elodie Loubat &#8211; Photographe \u00c9lodie Loubat est une photographe sp\u00e9cialis\u00e9e dans le reportage, l\u2019architecture et la photographie sportive. Elle m\u2019a fait confiance pour cr\u00e9er une identit\u00e9 visuelle unique, \u00e0 son image, qui refl\u00e8te pleinement son activit\u00e9. J\u2019ai ainsi con\u00e7u un logo bas\u00e9 sur ses initiales, dispos\u00e9es en miroir pour former un cadre photo. Ce symbole [&hellip;]<\/p>\n","protected":false},"author":1,"featured_media":0,"parent":0,"menu_order":0,"comment_status":"closed","ping_status":"closed","template":"","meta":{"footnotes":""},"class_list":["post-65","page","type-page","status-publish","hentry"],"_links":{"self":[{"href":"https:\/\/coralieleufroy.fr\/index.php\/wp-json\/wp\/v2\/pages\/65","targetHints":{"allow":["GET"]}}],"collection":[{"href":"https:\/\/coralieleufroy.fr\/index.php\/wp-json\/wp\/v2\/pages"}],"about":[{"href":"https:\/\/coralieleufroy.fr\/index.php\/wp-json\/wp\/v2\/types\/page"}],"author":[{"embeddable":true,"href":"https:\/\/coralieleufroy.fr\/index.php\/wp-json\/wp\/v2\/users\/1"}],"replies":[{"embeddable":true,"href":"https:\/\/coralieleufroy.fr\/index.php\/wp-json\/wp\/v2\/comments?post=65"}],"version-history":[{"count":8,"href":"https:\/\/coralieleufroy.fr\/index.php\/wp-json\/wp\/v2\/pages\/65\/revisions"}],"predecessor-version":[{"id":174,"href":"https:\/\/coralieleufroy.fr\/index.php\/wp-json\/wp\/v2\/pages\/65\/revisions\/174"}],"wp:attachment":[{"href":"https:\/\/coralieleufroy.fr\/index.php\/wp-json\/wp\/v2\/media?parent=65"}],"curies":[{"name":"wp","href":"https:\/\/api.w.org\/{rel}","templated":true}]}}