{"id":3,"date":"2025-07-17T17:19:15","date_gmt":"2025-07-17T17:19:15","guid":{"rendered":"http:\/\/coralieleufroy.fr\/?page_id=3"},"modified":"2025-07-17T21:26:00","modified_gmt":"2025-07-17T21:26:00","slug":"privacy-policy","status":"publish","type":"page","link":"https:\/\/coralieleufroy.fr\/index.php\/privacy-policy\/","title":{"rendered":"Mention l\u00e9gales"},"content":{"rendered":"\n<h2 class=\"wp-block-heading\">Mentions l\u00e9gales<\/h2>\n\n\n\n<div class=\"wp-block-group has-global-padding is-layout-constrained wp-block-group-is-layout-constrained\">\n<p><strong>\u00c9diteur du site :<\/strong><br>Coralie Leufroy<br>Adresse : Bordeaux<br>Email : hello@coralieleufroy.fr<br>Responsable de la publication : Coralie Leufroy<br>SIRET : 98850647300012<\/p>\n\n\n\n<p><strong>H\u00e9bergement du site :<\/strong><br>OVH<br>SAS au capital de 10 174 560 \u20ac<br>RCS Lille M\u00e9tropole 424 761 419 00045<br>Si\u00e8ge social : 2 rue Kellermann \u2013 59100 Roubaix \u2013 France<br>T\u00e9l\u00e9phone : 1007<br>Site web : <a href=\"https:\/\/www.ovhcloud.com\/\">https:\/\/www.ovhcloud.com<\/a><\/p>\n\n\n\n<p><strong>Propri\u00e9t\u00e9 intellectuelle :<\/strong><br>Le contenu du site coralieleufroy.fr (textes, images, graphismes, logo, etc.) est prot\u00e9g\u00e9 par les lois en vigueur sur la propri\u00e9t\u00e9 intellectuelle.<br>Toute reproduction ou repr\u00e9sentation, totale ou partielle, du site ou de son contenu, sans autorisation pr\u00e9alable et \u00e9crite, est interdite.<\/p>\n\n\n\n<p><strong>Donn\u00e9es personnelles :<\/strong><br>Les donn\u00e9es collect\u00e9es via le formulaire de contact sont strictement confidentielles et destin\u00e9es uniquement \u00e0 la communication avec Coralie Leufroy.<br>Conform\u00e9ment au R\u00e8glement G\u00e9n\u00e9ral sur la Protection des Donn\u00e9es (RGPD), vous disposez d\u2019un droit d\u2019acc\u00e8s, de rectification et de suppression des donn\u00e9es vous concernant.<br>Pour exercer ce droit, vous pouvez \u00e9crire \u00e0 l\u2019adresse email mentionn\u00e9e ci-dessus.<\/p>\n\n\n\n<p><strong>Cookies :<\/strong><br>Le site peut utiliser des cookies \u00e0 des fins de navigation et de mesure d\u2019audience.<br>Vous pouvez configurer votre navigateur pour refuser les cookies ou \u00eatre alert\u00e9 avant leur installation.<\/p>\n<\/div>\n","protected":false},"excerpt":{"rendered":"<p>Mentions l\u00e9gales \u00c9diteur du site :Coralie LeufroyAdresse : BordeauxEmail : hello@coralieleufroy.frResponsable de la publication : Coralie LeufroySIRET : 98850647300012 H\u00e9bergement du site :OVHSAS au capital de 10 174 560 \u20acRCS Lille M\u00e9tropole 424 761 419 00045Si\u00e8ge social : 2 rue Kellermann \u2013 59100 Roubaix \u2013 FranceT\u00e9l\u00e9phone : 1007Site web : https:\/\/www.ovhcloud.com Propri\u00e9t\u00e9 intellectuelle :Le contenu [&hellip;]<\/p>\n","protected":false},"author":1,"featured_media":0,"parent":0,"menu_order":0,"comment_status":"closed","ping_status":"open","template":"","meta":{"footnotes":""},"class_list":["post-3","page","type-page","status-publish","hentry"],"_links":{"self":[{"href":"https:\/\/coralieleufroy.fr\/index.php\/wp-json\/wp\/v2\/pages\/3","targetHints":{"allow":["GET"]}}],"collection":[{"href":"https:\/\/coralieleufroy.fr\/index.php\/wp-json\/wp\/v2\/pages"}],"about":[{"href":"https:\/\/coralieleufroy.fr\/index.php\/wp-json\/wp\/v2\/types\/page"}],"author":[{"embeddable":true,"href":"https:\/\/coralieleufroy.fr\/index.php\/wp-json\/wp\/v2\/users\/1"}],"replies":[{"embeddable":true,"href":"https:\/\/coralieleufroy.fr\/index.php\/wp-json\/wp\/v2\/comments?post=3"}],"version-history":[{"count":1,"href":"https:\/\/coralieleufroy.fr\/index.php\/wp-json\/wp\/v2\/pages\/3\/revisions"}],"predecessor-version":[{"id":101,"href":"https:\/\/coralieleufroy.fr\/index.php\/wp-json\/wp\/v2\/pages\/3\/revisions\/101"}],"wp:attachment":[{"href":"https:\/\/coralieleufroy.fr\/index.php\/wp-json\/wp\/v2\/media?parent=3"}],"curies":[{"name":"wp","href":"https:\/\/api.w.org\/{rel}","templated":true}]}}