{"id":281,"date":"2025-12-09T13:08:50","date_gmt":"2025-12-09T13:08:50","guid":{"rendered":"https:\/\/coralieleufroy.fr\/?page_id=281"},"modified":"2025-12-09T13:08:50","modified_gmt":"2025-12-09T13:08:50","slug":"videos-culture-graphisme","status":"publish","type":"page","link":"https:\/\/coralieleufroy.fr\/index.php\/videos-culture-graphisme\/","title":{"rendered":"Vid\u00e9os Culture Graphisme"},"content":{"rendered":"\n<h2 class=\"wp-block-heading\">Vid\u00e9os culture graphisme<\/h2>\n\n\n\n<p><br>Pour enrichir mes contenus sur les r\u00e9seaux sociaux, j\u2019ai r\u00e9alis\u00e9 une s\u00e9rie de vid\u00e9os face cam\u00e9ra autour de l\u2019histoire du graphisme. L\u2019une d\u2019elles est d\u00e9di\u00e9e \u00e0 Saul Bass, pionnier incontournable du design graphique moderne. \u00c0 travers un format court, rythm\u00e9 et p\u00e9dagogique, j\u2019explique son influence, ses codes visuels et son impact durable sur l\u2019affiche de cin\u00e9ma et le motion design. Une mani\u00e8re de transmettre mes connaissances tout en rendant hommage aux grands noms qui ont fa\u00e7onn\u00e9 la discipline.<\/p>\n\n\n\n<figure class=\"wp-block-embed is-type-video is-provider-youtube wp-block-embed-youtube wp-embed-aspect-9-16 wp-has-aspect-ratio\"><div class=\"wp-block-embed__wrapper\">\n<iframe loading=\"lazy\" title=\"C&#039;est gr\u00e2ce \u00e0 cet homme nos g\u00e9n\u00e9riques de films sont tels qu&#039;ils sont !\" width=\"422\" height=\"750\" src=\"https:\/\/www.youtube.com\/embed\/x-aIiTH05eE?feature=oembed\" frameborder=\"0\" allow=\"accelerometer; autoplay; clipboard-write; encrypted-media; gyroscope; picture-in-picture; web-share\" referrerpolicy=\"strict-origin-when-cross-origin\" allowfullscreen><\/iframe>\n<\/div><\/figure>\n","protected":false},"excerpt":{"rendered":"<p>Vid\u00e9os culture graphisme Pour enrichir mes contenus sur les r\u00e9seaux sociaux, j\u2019ai r\u00e9alis\u00e9 une s\u00e9rie de vid\u00e9os face cam\u00e9ra autour de l\u2019histoire du graphisme. L\u2019une d\u2019elles est d\u00e9di\u00e9e \u00e0 Saul Bass, pionnier incontournable du design graphique moderne. \u00c0 travers un format court, rythm\u00e9 et p\u00e9dagogique, j\u2019explique son influence, ses codes visuels et son impact durable [&hellip;]<\/p>\n","protected":false},"author":1,"featured_media":0,"parent":0,"menu_order":0,"comment_status":"closed","ping_status":"closed","template":"","meta":{"footnotes":""},"class_list":["post-281","page","type-page","status-publish","hentry"],"_links":{"self":[{"href":"https:\/\/coralieleufroy.fr\/index.php\/wp-json\/wp\/v2\/pages\/281","targetHints":{"allow":["GET"]}}],"collection":[{"href":"https:\/\/coralieleufroy.fr\/index.php\/wp-json\/wp\/v2\/pages"}],"about":[{"href":"https:\/\/coralieleufroy.fr\/index.php\/wp-json\/wp\/v2\/types\/page"}],"author":[{"embeddable":true,"href":"https:\/\/coralieleufroy.fr\/index.php\/wp-json\/wp\/v2\/users\/1"}],"replies":[{"embeddable":true,"href":"https:\/\/coralieleufroy.fr\/index.php\/wp-json\/wp\/v2\/comments?post=281"}],"version-history":[{"count":1,"href":"https:\/\/coralieleufroy.fr\/index.php\/wp-json\/wp\/v2\/pages\/281\/revisions"}],"predecessor-version":[{"id":282,"href":"https:\/\/coralieleufroy.fr\/index.php\/wp-json\/wp\/v2\/pages\/281\/revisions\/282"}],"wp:attachment":[{"href":"https:\/\/coralieleufroy.fr\/index.php\/wp-json\/wp\/v2\/media?parent=281"}],"curies":[{"name":"wp","href":"https:\/\/api.w.org\/{rel}","templated":true}]}}