{"id":276,"date":"2025-12-09T13:05:34","date_gmt":"2025-12-09T13:05:34","guid":{"rendered":"https:\/\/coralieleufroy.fr\/?page_id=276"},"modified":"2025-12-09T13:05:34","modified_gmt":"2025-12-09T13:05:34","slug":"kraken","status":"publish","type":"page","link":"https:\/\/coralieleufroy.fr\/index.php\/kraken\/","title":{"rendered":"Kraken"},"content":{"rendered":"\n<div class=\"wp-block-media-text alignwide is-stacked-on-mobile\" style=\"grid-template-columns:39% auto\"><figure class=\"wp-block-media-text__media\"><img loading=\"lazy\" decoding=\"async\" width=\"724\" height=\"1024\" src=\"https:\/\/coralieleufroy.fr\/wp-content\/uploads\/2025\/12\/AFFICHE-KRAKEN-724x1024.png\" alt=\"\" class=\"wp-image-277 size-full\" srcset=\"https:\/\/coralieleufroy.fr\/wp-content\/uploads\/2025\/12\/AFFICHE-KRAKEN-724x1024.png 724w, https:\/\/coralieleufroy.fr\/wp-content\/uploads\/2025\/12\/AFFICHE-KRAKEN-212x300.png 212w, https:\/\/coralieleufroy.fr\/wp-content\/uploads\/2025\/12\/AFFICHE-KRAKEN-768x1086.png 768w, https:\/\/coralieleufroy.fr\/wp-content\/uploads\/2025\/12\/AFFICHE-KRAKEN-1086x1536.png 1086w, https:\/\/coralieleufroy.fr\/wp-content\/uploads\/2025\/12\/AFFICHE-KRAKEN-1448x2048.png 1448w, https:\/\/coralieleufroy.fr\/wp-content\/uploads\/2025\/12\/AFFICHE-KRAKEN-scaled.png 1810w\" sizes=\"auto, (max-width: 724px) 100vw, 724px\" \/><\/figure><div class=\"wp-block-media-text__content\">\n<p><br>Dans le cadre de mes \u00e9tudes, j\u2019ai re\u00e7u pour consigne de cr\u00e9er l\u2019affiche d\u2019un film de cin\u00e9ma enti\u00e8rement imagin\u00e9. J\u2019ai choisi de concevoir l\u2019affiche d\u2019un nouveau dessin anim\u00e9 Disney Pixar, en inventant un univers original autour de l\u2019aventure. L\u2019histoire que j\u2019ai imagin\u00e9e suit une jeune pirate intr\u00e9pide et un kraken l\u00e9gendaire. Ce projet m\u2019a permis de travailler la narration visuelle, l\u2019illustration et la construction d\u2019un univers graphique coh\u00e9rent, tout en explorant les codes propres \u00e0 l\u2019animation contemporaine.<\/p>\n<\/div><\/div>\n\n\n\n<figure class=\"wp-block-image alignwide size-large\"><img loading=\"lazy\" decoding=\"async\" width=\"1024\" height=\"751\" src=\"https:\/\/coralieleufroy.fr\/wp-content\/uploads\/2025\/12\/affichage-affiche-cine-1024x751.jpg\" alt=\"\" class=\"wp-image-278\" srcset=\"https:\/\/coralieleufroy.fr\/wp-content\/uploads\/2025\/12\/affichage-affiche-cine-1024x751.jpg 1024w, https:\/\/coralieleufroy.fr\/wp-content\/uploads\/2025\/12\/affichage-affiche-cine-300x220.jpg 300w, https:\/\/coralieleufroy.fr\/wp-content\/uploads\/2025\/12\/affichage-affiche-cine-768x563.jpg 768w, https:\/\/coralieleufroy.fr\/wp-content\/uploads\/2025\/12\/affichage-affiche-cine-1536x1126.jpg 1536w, https:\/\/coralieleufroy.fr\/wp-content\/uploads\/2025\/12\/affichage-affiche-cine-2048x1502.jpg 2048w\" sizes=\"auto, (max-width: 1024px) 100vw, 1024px\" \/><\/figure>\n","protected":false},"excerpt":{"rendered":"<p>Dans le cadre de mes \u00e9tudes, j\u2019ai re\u00e7u pour consigne de cr\u00e9er l\u2019affiche d\u2019un film de cin\u00e9ma enti\u00e8rement imagin\u00e9. J\u2019ai choisi de concevoir l\u2019affiche d\u2019un nouveau dessin anim\u00e9 Disney Pixar, en inventant un univers original autour de l\u2019aventure. L\u2019histoire que j\u2019ai imagin\u00e9e suit une jeune pirate intr\u00e9pide et un kraken l\u00e9gendaire. Ce projet m\u2019a permis [&hellip;]<\/p>\n","protected":false},"author":1,"featured_media":0,"parent":0,"menu_order":0,"comment_status":"closed","ping_status":"closed","template":"","meta":{"footnotes":""},"class_list":["post-276","page","type-page","status-publish","hentry"],"_links":{"self":[{"href":"https:\/\/coralieleufroy.fr\/index.php\/wp-json\/wp\/v2\/pages\/276","targetHints":{"allow":["GET"]}}],"collection":[{"href":"https:\/\/coralieleufroy.fr\/index.php\/wp-json\/wp\/v2\/pages"}],"about":[{"href":"https:\/\/coralieleufroy.fr\/index.php\/wp-json\/wp\/v2\/types\/page"}],"author":[{"embeddable":true,"href":"https:\/\/coralieleufroy.fr\/index.php\/wp-json\/wp\/v2\/users\/1"}],"replies":[{"embeddable":true,"href":"https:\/\/coralieleufroy.fr\/index.php\/wp-json\/wp\/v2\/comments?post=276"}],"version-history":[{"count":1,"href":"https:\/\/coralieleufroy.fr\/index.php\/wp-json\/wp\/v2\/pages\/276\/revisions"}],"predecessor-version":[{"id":279,"href":"https:\/\/coralieleufroy.fr\/index.php\/wp-json\/wp\/v2\/pages\/276\/revisions\/279"}],"wp:attachment":[{"href":"https:\/\/coralieleufroy.fr\/index.php\/wp-json\/wp\/v2\/media?parent=276"}],"curies":[{"name":"wp","href":"https:\/\/api.w.org\/{rel}","templated":true}]}}