{"id":250,"date":"2025-12-09T11:08:08","date_gmt":"2025-12-09T11:08:08","guid":{"rendered":"https:\/\/coralieleufroy.fr\/?page_id=250"},"modified":"2025-12-09T11:09:02","modified_gmt":"2025-12-09T11:09:02","slug":"montage-video-gag","status":"publish","type":"page","link":"https:\/\/coralieleufroy.fr\/index.php\/montage-video-gag\/","title":{"rendered":"Montage vid\u00e9o GAG"},"content":{"rendered":"\n<h2 class=\"wp-block-heading\">G\u00e9n\u00e9ration Avant-GArde et la course de la diversit\u00e9<\/h2>\n\n\n\n<p><br>Pour cette r\u00e9alisation, j\u2019ai con\u00e7u une vid\u00e9o d\u00e9di\u00e9e \u00e0 la Journ\u00e9e de la Course de la Diversit\u00e9 2024. L\u2019objectif \u00e9tait de mettre en lumi\u00e8re l\u2019importance de cet \u00e9v\u00e9nement et les b\u00e9n\u00e9fices qu\u2019il apporte, tant sur le plan humain que collectif. \u00c0 travers un montage dynamique et immersif, j\u2019ai capt\u00e9 l\u2019\u00e9nergie des participants, les moments forts et l\u2019esprit d\u2019inclusion qui anime cette journ\u00e9e. La vid\u00e9o valorise l\u2019engagement, le vivre-ensemble et la diversit\u00e9, tout en offrant un contenu inspirant destin\u00e9 \u00e0 sensibiliser et \u00e0 donner envie de rejoindre l\u2019initiative lors des prochaines \u00e9ditions.<\/p>\n\n\n\n<figure class=\"wp-block-embed is-type-video is-provider-youtube wp-block-embed-youtube wp-embed-aspect-16-9 wp-has-aspect-ratio\"><div class=\"wp-block-embed__wrapper\">\n<iframe loading=\"lazy\" title=\"Generation Avant Garde &amp; la Course de la Diversit\u00e9 2024\" width=\"500\" height=\"281\" src=\"https:\/\/www.youtube.com\/embed\/Lp4hcmMyBL0?feature=oembed\" frameborder=\"0\" allow=\"accelerometer; autoplay; clipboard-write; encrypted-media; gyroscope; picture-in-picture; web-share\" referrerpolicy=\"strict-origin-when-cross-origin\" allowfullscreen><\/iframe>\n<\/div><\/figure>\n","protected":false},"excerpt":{"rendered":"<p>G\u00e9n\u00e9ration Avant-GArde et la course de la diversit\u00e9 Pour cette r\u00e9alisation, j\u2019ai con\u00e7u une vid\u00e9o d\u00e9di\u00e9e \u00e0 la Journ\u00e9e de la Course de la Diversit\u00e9 2024. L\u2019objectif \u00e9tait de mettre en lumi\u00e8re l\u2019importance de cet \u00e9v\u00e9nement et les b\u00e9n\u00e9fices qu\u2019il apporte, tant sur le plan humain que collectif. \u00c0 travers un montage dynamique et immersif, [&hellip;]<\/p>\n","protected":false},"author":1,"featured_media":0,"parent":0,"menu_order":0,"comment_status":"closed","ping_status":"closed","template":"","meta":{"footnotes":""},"class_list":["post-250","page","type-page","status-publish","hentry"],"_links":{"self":[{"href":"https:\/\/coralieleufroy.fr\/index.php\/wp-json\/wp\/v2\/pages\/250","targetHints":{"allow":["GET"]}}],"collection":[{"href":"https:\/\/coralieleufroy.fr\/index.php\/wp-json\/wp\/v2\/pages"}],"about":[{"href":"https:\/\/coralieleufroy.fr\/index.php\/wp-json\/wp\/v2\/types\/page"}],"author":[{"embeddable":true,"href":"https:\/\/coralieleufroy.fr\/index.php\/wp-json\/wp\/v2\/users\/1"}],"replies":[{"embeddable":true,"href":"https:\/\/coralieleufroy.fr\/index.php\/wp-json\/wp\/v2\/comments?post=250"}],"version-history":[{"count":2,"href":"https:\/\/coralieleufroy.fr\/index.php\/wp-json\/wp\/v2\/pages\/250\/revisions"}],"predecessor-version":[{"id":252,"href":"https:\/\/coralieleufroy.fr\/index.php\/wp-json\/wp\/v2\/pages\/250\/revisions\/252"}],"wp:attachment":[{"href":"https:\/\/coralieleufroy.fr\/index.php\/wp-json\/wp\/v2\/media?parent=250"}],"curies":[{"name":"wp","href":"https:\/\/api.w.org\/{rel}","templated":true}]}}