{"id":224,"date":"2025-10-17T16:36:45","date_gmt":"2025-10-17T16:36:45","guid":{"rendered":"https:\/\/coralieleufroy.fr\/?page_id=224"},"modified":"2025-10-22T14:20:20","modified_gmt":"2025-10-22T14:20:20","slug":"lumaco","status":"publish","type":"page","link":"https:\/\/coralieleufroy.fr\/index.php\/lumaco\/","title":{"rendered":"Luma&#038;Co."},"content":{"rendered":"\n<div class=\"wp-block-media-text alignwide is-stacked-on-mobile\" style=\"grid-template-columns:23% auto\"><figure class=\"wp-block-media-text__media\"><img loading=\"lazy\" decoding=\"async\" width=\"686\" height=\"1024\" src=\"https:\/\/coralieleufroy.fr\/wp-content\/uploads\/2025\/10\/Ebauche-logo-1-686x1024.png\" alt=\"\" class=\"wp-image-226 size-full\" srcset=\"https:\/\/coralieleufroy.fr\/wp-content\/uploads\/2025\/10\/Ebauche-logo-1-686x1024.png 686w, https:\/\/coralieleufroy.fr\/wp-content\/uploads\/2025\/10\/Ebauche-logo-1-201x300.png 201w, https:\/\/coralieleufroy.fr\/wp-content\/uploads\/2025\/10\/Ebauche-logo-1-768x1147.png 768w, https:\/\/coralieleufroy.fr\/wp-content\/uploads\/2025\/10\/Ebauche-logo-1-1029x1536.png 1029w, https:\/\/coralieleufroy.fr\/wp-content\/uploads\/2025\/10\/Ebauche-logo-1.png 1059w\" sizes=\"auto, (max-width: 686px) 100vw, 686px\" \/><\/figure><div class=\"wp-block-media-text__content\">\n<p><strong>Luma &amp; Co.<\/strong> est une cha\u00eene de caf\u00e9s artisanaux o\u00f9 chaque d\u00e9tail respire la convivialit\u00e9 et le savoir-faire. Ils m\u2019ont fait confiance pour imaginer une identit\u00e9 visuelle \u00e0 leur image : chaleureuse, authentique et affirm\u00e9e.<\/p>\n\n\n\n<p>L\u2019univers graphique s\u2019appuie sur une typographie au caract\u00e8re artisanal et une palette de tons caf\u00e9, terracotta et vert olive, inspir\u00e9e des mati\u00e8res brutes et de l\u2019atmosph\u00e8re r\u00e9confortante des coffee shops. Le r\u00e9sultat : une identit\u00e9 vivante, coh\u00e9rente et pleine de personnalit\u00e9, fid\u00e8le \u00e0 l\u2019esprit de Luma &amp; Co.<\/p>\n<\/div><\/div>\n\n\n\n<figure class=\"wp-block-gallery alignwide has-nested-images columns-default is-cropped wp-block-gallery-1 is-layout-flex wp-block-gallery-is-layout-flex\">\n<figure class=\"wp-block-image size-large\"><img loading=\"lazy\" decoding=\"async\" width=\"988\" height=\"1024\" data-id=\"232\" src=\"https:\/\/coralieleufroy.fr\/wp-content\/uploads\/2025\/10\/Capture-decran-2025-10-17-a-18.35.08-988x1024.png\" alt=\"\" class=\"wp-image-232\" srcset=\"https:\/\/coralieleufroy.fr\/wp-content\/uploads\/2025\/10\/Capture-decran-2025-10-17-a-18.35.08-988x1024.png 988w, https:\/\/coralieleufroy.fr\/wp-content\/uploads\/2025\/10\/Capture-decran-2025-10-17-a-18.35.08-290x300.png 290w, https:\/\/coralieleufroy.fr\/wp-content\/uploads\/2025\/10\/Capture-decran-2025-10-17-a-18.35.08-768x796.png 768w, https:\/\/coralieleufroy.fr\/wp-content\/uploads\/2025\/10\/Capture-decran-2025-10-17-a-18.35.08.png 1274w\" sizes=\"auto, (max-width: 988px) 100vw, 988px\" \/><\/figure>\n\n\n\n<figure class=\"wp-block-image size-large\"><img loading=\"lazy\" decoding=\"async\" width=\"1024\" height=\"683\" data-id=\"228\" src=\"https:\/\/coralieleufroy.fr\/wp-content\/uploads\/2025\/10\/devanture-Luma-1024x683.png\" alt=\"\" class=\"wp-image-228\" srcset=\"https:\/\/coralieleufroy.fr\/wp-content\/uploads\/2025\/10\/devanture-Luma-1024x683.png 1024w, https:\/\/coralieleufroy.fr\/wp-content\/uploads\/2025\/10\/devanture-Luma-300x200.png 300w, https:\/\/coralieleufroy.fr\/wp-content\/uploads\/2025\/10\/devanture-Luma-768x512.png 768w, https:\/\/coralieleufroy.fr\/wp-content\/uploads\/2025\/10\/devanture-Luma-1536x1024.png 1536w, https:\/\/coralieleufroy.fr\/wp-content\/uploads\/2025\/10\/devanture-Luma-2048x1365.png 2048w\" sizes=\"auto, (max-width: 1024px) 100vw, 1024px\" \/><\/figure>\n<\/figure>\n","protected":false},"excerpt":{"rendered":"<p>Luma &amp; Co. est une cha\u00eene de caf\u00e9s artisanaux o\u00f9 chaque d\u00e9tail respire la convivialit\u00e9 et le savoir-faire. Ils m\u2019ont fait confiance pour imaginer une identit\u00e9 visuelle \u00e0 leur image : chaleureuse, authentique et affirm\u00e9e. L\u2019univers graphique s\u2019appuie sur une typographie au caract\u00e8re artisanal et une palette de tons caf\u00e9, terracotta et vert olive, inspir\u00e9e [&hellip;]<\/p>\n","protected":false},"author":1,"featured_media":0,"parent":0,"menu_order":0,"comment_status":"closed","ping_status":"closed","template":"","meta":{"footnotes":""},"class_list":["post-224","page","type-page","status-publish","hentry"],"_links":{"self":[{"href":"https:\/\/coralieleufroy.fr\/index.php\/wp-json\/wp\/v2\/pages\/224","targetHints":{"allow":["GET"]}}],"collection":[{"href":"https:\/\/coralieleufroy.fr\/index.php\/wp-json\/wp\/v2\/pages"}],"about":[{"href":"https:\/\/coralieleufroy.fr\/index.php\/wp-json\/wp\/v2\/types\/page"}],"author":[{"embeddable":true,"href":"https:\/\/coralieleufroy.fr\/index.php\/wp-json\/wp\/v2\/users\/1"}],"replies":[{"embeddable":true,"href":"https:\/\/coralieleufroy.fr\/index.php\/wp-json\/wp\/v2\/comments?post=224"}],"version-history":[{"count":3,"href":"https:\/\/coralieleufroy.fr\/index.php\/wp-json\/wp\/v2\/pages\/224\/revisions"}],"predecessor-version":[{"id":238,"href":"https:\/\/coralieleufroy.fr\/index.php\/wp-json\/wp\/v2\/pages\/224\/revisions\/238"}],"wp:attachment":[{"href":"https:\/\/coralieleufroy.fr\/index.php\/wp-json\/wp\/v2\/media?parent=224"}],"curies":[{"name":"wp","href":"https:\/\/api.w.org\/{rel}","templated":true}]}}