{"id":208,"date":"2025-09-23T10:34:32","date_gmt":"2025-09-23T10:34:32","guid":{"rendered":"https:\/\/coralieleufroy.fr\/?page_id=208"},"modified":"2025-09-23T10:39:29","modified_gmt":"2025-09-23T10:39:29","slug":"retro-wave-night","status":"publish","type":"page","link":"https:\/\/coralieleufroy.fr\/index.php\/retro-wave-night\/","title":{"rendered":"Retro Wave Night"},"content":{"rendered":"\n<div class=\"wp-block-media-text alignwide is-stacked-on-mobile\" style=\"grid-template-columns:22% auto\"><figure class=\"wp-block-media-text__media\"><img loading=\"lazy\" decoding=\"async\" width=\"733\" height=\"1024\" src=\"https:\/\/coralieleufroy.fr\/wp-content\/uploads\/2025\/09\/AFFICHE-1-733x1024.png\" alt=\"\" class=\"wp-image-209 size-full\" srcset=\"https:\/\/coralieleufroy.fr\/wp-content\/uploads\/2025\/09\/AFFICHE-1-733x1024.png 733w, https:\/\/coralieleufroy.fr\/wp-content\/uploads\/2025\/09\/AFFICHE-1-215x300.png 215w, https:\/\/coralieleufroy.fr\/wp-content\/uploads\/2025\/09\/AFFICHE-1-768x1072.png 768w, https:\/\/coralieleufroy.fr\/wp-content\/uploads\/2025\/09\/AFFICHE-1-1100x1536.png 1100w, https:\/\/coralieleufroy.fr\/wp-content\/uploads\/2025\/09\/AFFICHE-1-1467x2048.png 1467w, https:\/\/coralieleufroy.fr\/wp-content\/uploads\/2025\/09\/AFFICHE-1-scaled.png 1834w\" sizes=\"auto, (max-width: 733px) 100vw, 733px\" \/><\/figure><div class=\"wp-block-media-text__content\">\n<p>Plong\u00e9e dans l\u2019univers \u00e9lectrisant des ann\u00e9es 80, cette affiche marie l\u2019esth\u00e9tique r\u00e9tro-futuriste du <strong>synthwave<\/strong> \u00e0 une identit\u00e9 visuelle immersive et vibrante. Entre n\u00e9ons \u00e9clatants, d\u00e9grad\u00e9s flamboyants de rose, bleu et violet, et touches lumineuses de jaune orang\u00e9, l\u2019ensemble \u00e9voque l\u2019\u00e9nergie des synth\u00e9tiseurs et l\u2019ambiance cyberpunk. Con\u00e7ue autour d\u2019un logo exclusif, la cr\u00e9ation transporte imm\u00e9diatement le spectateur dans une soir\u00e9e o\u00f9 le pass\u00e9 et le futur se rencontrent sous une aura n\u00e9on captivante.<\/p>\n<\/div><\/div>\n\n\n\n<figure class=\"wp-block-image alignfull size-large\"><img loading=\"lazy\" decoding=\"async\" width=\"1024\" height=\"718\" src=\"https:\/\/coralieleufroy.fr\/wp-content\/uploads\/2025\/09\/MOCKUP-1024x718.png\" alt=\"\" class=\"wp-image-211\" srcset=\"https:\/\/coralieleufroy.fr\/wp-content\/uploads\/2025\/09\/MOCKUP-1024x718.png 1024w, https:\/\/coralieleufroy.fr\/wp-content\/uploads\/2025\/09\/MOCKUP-300x210.png 300w, https:\/\/coralieleufroy.fr\/wp-content\/uploads\/2025\/09\/MOCKUP-768x538.png 768w, https:\/\/coralieleufroy.fr\/wp-content\/uploads\/2025\/09\/MOCKUP-1536x1077.png 1536w, https:\/\/coralieleufroy.fr\/wp-content\/uploads\/2025\/09\/MOCKUP-2048x1436.png 2048w\" sizes=\"auto, (max-width: 1024px) 100vw, 1024px\" \/><\/figure>\n","protected":false},"excerpt":{"rendered":"<p>Plong\u00e9e dans l\u2019univers \u00e9lectrisant des ann\u00e9es 80, cette affiche marie l\u2019esth\u00e9tique r\u00e9tro-futuriste du synthwave \u00e0 une identit\u00e9 visuelle immersive et vibrante. Entre n\u00e9ons \u00e9clatants, d\u00e9grad\u00e9s flamboyants de rose, bleu et violet, et touches lumineuses de jaune orang\u00e9, l\u2019ensemble \u00e9voque l\u2019\u00e9nergie des synth\u00e9tiseurs et l\u2019ambiance cyberpunk. Con\u00e7ue autour d\u2019un logo exclusif, la cr\u00e9ation transporte imm\u00e9diatement le [&hellip;]<\/p>\n","protected":false},"author":1,"featured_media":0,"parent":0,"menu_order":0,"comment_status":"closed","ping_status":"closed","template":"","meta":{"footnotes":""},"class_list":["post-208","page","type-page","status-publish","hentry"],"_links":{"self":[{"href":"https:\/\/coralieleufroy.fr\/index.php\/wp-json\/wp\/v2\/pages\/208","targetHints":{"allow":["GET"]}}],"collection":[{"href":"https:\/\/coralieleufroy.fr\/index.php\/wp-json\/wp\/v2\/pages"}],"about":[{"href":"https:\/\/coralieleufroy.fr\/index.php\/wp-json\/wp\/v2\/types\/page"}],"author":[{"embeddable":true,"href":"https:\/\/coralieleufroy.fr\/index.php\/wp-json\/wp\/v2\/users\/1"}],"replies":[{"embeddable":true,"href":"https:\/\/coralieleufroy.fr\/index.php\/wp-json\/wp\/v2\/comments?post=208"}],"version-history":[{"count":5,"href":"https:\/\/coralieleufroy.fr\/index.php\/wp-json\/wp\/v2\/pages\/208\/revisions"}],"predecessor-version":[{"id":218,"href":"https:\/\/coralieleufroy.fr\/index.php\/wp-json\/wp\/v2\/pages\/208\/revisions\/218"}],"wp:attachment":[{"href":"https:\/\/coralieleufroy.fr\/index.php\/wp-json\/wp\/v2\/media?parent=208"}],"curies":[{"name":"wp","href":"https:\/\/api.w.org\/{rel}","templated":true}]}}