{"id":181,"date":"2025-09-03T13:39:18","date_gmt":"2025-09-03T13:39:18","guid":{"rendered":"https:\/\/coralieleufroy.fr\/?page_id=181"},"modified":"2025-09-03T13:52:24","modified_gmt":"2025-09-03T13:52:24","slug":"dusk-candle-co","status":"publish","type":"page","link":"https:\/\/coralieleufroy.fr\/index.php\/dusk-candle-co\/","title":{"rendered":"Dusk Candle Co."},"content":{"rendered":"\n<p><\/p>\n\n\n\n<div class=\"wp-block-media-text alignwide is-stacked-on-mobile is-vertically-aligned-center is-image-fill-element\" style=\"grid-template-columns:23% auto\"><figure class=\"wp-block-media-text__media\"><img loading=\"lazy\" decoding=\"async\" width=\"562\" height=\"644\" src=\"https:\/\/coralieleufroy.fr\/wp-content\/uploads\/2025\/09\/logo-1-1.png\" alt=\"\" class=\"wp-image-190 size-full\" style=\"object-position:50% 50%\" srcset=\"https:\/\/coralieleufroy.fr\/wp-content\/uploads\/2025\/09\/logo-1-1.png 562w, https:\/\/coralieleufroy.fr\/wp-content\/uploads\/2025\/09\/logo-1-1-262x300.png 262w\" sizes=\"auto, (max-width: 562px) 100vw, 562px\" \/><\/figure><div class=\"wp-block-media-text__content\">\n<p><br>J\u2019ai con\u00e7u l\u2019identit\u00e9 visuelle de <strong>Dusk Candle Co.<\/strong>, une marque artisanale de bougies haut de gamme inspir\u00e9e par la po\u00e9sie du cr\u00e9puscule. Entre tons chauds et profonds (orange br\u00fbl\u00e9, cuivre, bleu nuit et dor\u00e9) et symbolisme subtil emprunt\u00e9 \u00e0 l\u2019astronomie, l\u2019univers allie \u00e9l\u00e9gance minimaliste et myst\u00e8re d\u00e9licat. D\u00e9clin\u00e9e sur les packagings et supports de communication, cette identit\u00e9 invite \u00e0 un voyage sensoriel o\u00f9 lumi\u00e8re et atmosph\u00e8re s\u2019entrelacent.<\/p>\n<\/div><\/div>\n\n\n\n<figure class=\"wp-block-image alignwide size-large\"><img loading=\"lazy\" decoding=\"async\" width=\"1024\" height=\"683\" src=\"https:\/\/coralieleufroy.fr\/wp-content\/uploads\/2025\/09\/MOCKUP34-1-1024x683.jpg\" alt=\"\" class=\"wp-image-194\" srcset=\"https:\/\/coralieleufroy.fr\/wp-content\/uploads\/2025\/09\/MOCKUP34-1-1024x683.jpg 1024w, https:\/\/coralieleufroy.fr\/wp-content\/uploads\/2025\/09\/MOCKUP34-1-300x200.jpg 300w, https:\/\/coralieleufroy.fr\/wp-content\/uploads\/2025\/09\/MOCKUP34-1-768x512.jpg 768w, https:\/\/coralieleufroy.fr\/wp-content\/uploads\/2025\/09\/MOCKUP34-1-1536x1024.jpg 1536w, https:\/\/coralieleufroy.fr\/wp-content\/uploads\/2025\/09\/MOCKUP34-1-2048x1365.jpg 2048w\" sizes=\"auto, (max-width: 1024px) 100vw, 1024px\" \/><\/figure>\n","protected":false},"excerpt":{"rendered":"<p>J\u2019ai con\u00e7u l\u2019identit\u00e9 visuelle de Dusk Candle Co., une marque artisanale de bougies haut de gamme inspir\u00e9e par la po\u00e9sie du cr\u00e9puscule. Entre tons chauds et profonds (orange br\u00fbl\u00e9, cuivre, bleu nuit et dor\u00e9) et symbolisme subtil emprunt\u00e9 \u00e0 l\u2019astronomie, l\u2019univers allie \u00e9l\u00e9gance minimaliste et myst\u00e8re d\u00e9licat. D\u00e9clin\u00e9e sur les packagings et supports de communication, [&hellip;]<\/p>\n","protected":false},"author":1,"featured_media":0,"parent":0,"menu_order":0,"comment_status":"closed","ping_status":"closed","template":"","meta":{"footnotes":""},"class_list":["post-181","page","type-page","status-publish","hentry"],"_links":{"self":[{"href":"https:\/\/coralieleufroy.fr\/index.php\/wp-json\/wp\/v2\/pages\/181","targetHints":{"allow":["GET"]}}],"collection":[{"href":"https:\/\/coralieleufroy.fr\/index.php\/wp-json\/wp\/v2\/pages"}],"about":[{"href":"https:\/\/coralieleufroy.fr\/index.php\/wp-json\/wp\/v2\/types\/page"}],"author":[{"embeddable":true,"href":"https:\/\/coralieleufroy.fr\/index.php\/wp-json\/wp\/v2\/users\/1"}],"replies":[{"embeddable":true,"href":"https:\/\/coralieleufroy.fr\/index.php\/wp-json\/wp\/v2\/comments?post=181"}],"version-history":[{"count":10,"href":"https:\/\/coralieleufroy.fr\/index.php\/wp-json\/wp\/v2\/pages\/181\/revisions"}],"predecessor-version":[{"id":196,"href":"https:\/\/coralieleufroy.fr\/index.php\/wp-json\/wp\/v2\/pages\/181\/revisions\/196"}],"wp:attachment":[{"href":"https:\/\/coralieleufroy.fr\/index.php\/wp-json\/wp\/v2\/media?parent=181"}],"curies":[{"name":"wp","href":"https:\/\/api.w.org\/{rel}","templated":true}]}}