{"id":163,"date":"2025-07-18T12:08:34","date_gmt":"2025-07-18T12:08:34","guid":{"rendered":"https:\/\/coralieleufroy.fr\/?page_id=163"},"modified":"2025-07-18T12:08:35","modified_gmt":"2025-07-18T12:08:35","slug":"mermaid-cafe","status":"publish","type":"page","link":"https:\/\/coralieleufroy.fr\/index.php\/mermaid-cafe\/","title":{"rendered":"Mermaid  Caf\u00e9"},"content":{"rendered":"\n<h2 class=\"wp-block-heading\">Mermaid caf\u00e9<\/h2>\n\n\n\n<div class=\"wp-block-media-text alignwide is-stacked-on-mobile\" style=\"grid-template-columns:34% auto\"><figure class=\"wp-block-media-text__media\"><img loading=\"lazy\" decoding=\"async\" width=\"1024\" height=\"333\" src=\"https:\/\/coralieleufroy.fr\/wp-content\/uploads\/2025\/07\/LOGO_couleurs-1024x333.png\" alt=\"\" class=\"wp-image-164 size-full\" srcset=\"https:\/\/coralieleufroy.fr\/wp-content\/uploads\/2025\/07\/LOGO_couleurs-1024x333.png 1024w, https:\/\/coralieleufroy.fr\/wp-content\/uploads\/2025\/07\/LOGO_couleurs-300x98.png 300w, https:\/\/coralieleufroy.fr\/wp-content\/uploads\/2025\/07\/LOGO_couleurs-768x250.png 768w, https:\/\/coralieleufroy.fr\/wp-content\/uploads\/2025\/07\/LOGO_couleurs-1536x500.png 1536w, https:\/\/coralieleufroy.fr\/wp-content\/uploads\/2025\/07\/LOGO_couleurs-2048x666.png 2048w\" sizes=\"auto, (max-width: 1024px) 100vw, 1024px\" \/><\/figure><div class=\"wp-block-media-text__content\">\n<p>J\u2019ai con\u00e7u l\u2019identit\u00e9 visuelle de Mermaid Caf\u00e9, un salon de caf\u00e9 flottant nich\u00e9 sur une p\u00e9niche. Inspir\u00e9 de l\u2019univers m\u00e9diterran\u00e9en et maritime, le logo m\u00eale \u00e9l\u00e9gance contemporaine et chaleur intemporelle, traduisant l\u2019atmosph\u00e8re apaisante de la C\u00f4te d\u2019Azur. D\u00e9ploy\u00e9e sur les menus, enseignes, packagings, uniformes et vaisselle, cette identit\u00e9 invite \u00e0 la d\u00e9tente et \u00e0 la d\u00e9couverte, pour les habitants comme pour les voyageurs en qu\u00eate de lieux hors du commun.<\/p>\n<\/div><\/div>\n\n\n\n<figure class=\"wp-block-gallery alignfull has-nested-images columns-2 is-cropped wp-block-gallery-1 is-layout-flex wp-block-gallery-is-layout-flex\">\n<figure class=\"wp-block-image size-large\"><img loading=\"lazy\" decoding=\"async\" width=\"1024\" height=\"731\" data-id=\"165\" src=\"https:\/\/coralieleufroy.fr\/wp-content\/uploads\/2025\/07\/T-Shirt-04-1024x731.webp\" alt=\"\" class=\"wp-image-165\" srcset=\"https:\/\/coralieleufroy.fr\/wp-content\/uploads\/2025\/07\/T-Shirt-04-1024x731.webp 1024w, https:\/\/coralieleufroy.fr\/wp-content\/uploads\/2025\/07\/T-Shirt-04-300x214.webp 300w, https:\/\/coralieleufroy.fr\/wp-content\/uploads\/2025\/07\/T-Shirt-04-768x549.webp 768w, https:\/\/coralieleufroy.fr\/wp-content\/uploads\/2025\/07\/T-Shirt-04-1536x1097.webp 1536w, https:\/\/coralieleufroy.fr\/wp-content\/uploads\/2025\/07\/T-Shirt-04-2048x1463.webp 2048w\" sizes=\"auto, (max-width: 1024px) 100vw, 1024px\" \/><\/figure>\n\n\n\n<figure class=\"wp-block-image size-large\"><img loading=\"lazy\" decoding=\"async\" width=\"1024\" height=\"768\" data-id=\"166\" src=\"https:\/\/coralieleufroy.fr\/wp-content\/uploads\/2025\/07\/TASSES-1024x768.webp\" alt=\"\" class=\"wp-image-166\" srcset=\"https:\/\/coralieleufroy.fr\/wp-content\/uploads\/2025\/07\/TASSES-1024x768.webp 1024w, https:\/\/coralieleufroy.fr\/wp-content\/uploads\/2025\/07\/TASSES-300x225.webp 300w, https:\/\/coralieleufroy.fr\/wp-content\/uploads\/2025\/07\/TASSES-768x576.webp 768w, https:\/\/coralieleufroy.fr\/wp-content\/uploads\/2025\/07\/TASSES-1536x1152.webp 1536w, https:\/\/coralieleufroy.fr\/wp-content\/uploads\/2025\/07\/TASSES-2048x1536.webp 2048w\" sizes=\"auto, (max-width: 1024px) 100vw, 1024px\" \/><\/figure>\n\n\n\n<figure class=\"wp-block-image size-large\"><img loading=\"lazy\" decoding=\"async\" width=\"1024\" height=\"751\" data-id=\"161\" src=\"https:\/\/coralieleufroy.fr\/wp-content\/uploads\/2025\/07\/MENU-MOCKUP-1024x751.webp\" alt=\"\" class=\"wp-image-161\" srcset=\"https:\/\/coralieleufroy.fr\/wp-content\/uploads\/2025\/07\/MENU-MOCKUP-1024x751.webp 1024w, https:\/\/coralieleufroy.fr\/wp-content\/uploads\/2025\/07\/MENU-MOCKUP-300x220.webp 300w, https:\/\/coralieleufroy.fr\/wp-content\/uploads\/2025\/07\/MENU-MOCKUP-768x563.webp 768w, https:\/\/coralieleufroy.fr\/wp-content\/uploads\/2025\/07\/MENU-MOCKUP-1536x1127.webp 1536w, https:\/\/coralieleufroy.fr\/wp-content\/uploads\/2025\/07\/MENU-MOCKUP-2048x1503.webp 2048w\" sizes=\"auto, (max-width: 1024px) 100vw, 1024px\" \/><\/figure>\n<\/figure>\n","protected":false},"excerpt":{"rendered":"<p>Mermaid caf\u00e9 J\u2019ai con\u00e7u l\u2019identit\u00e9 visuelle de Mermaid Caf\u00e9, un salon de caf\u00e9 flottant nich\u00e9 sur une p\u00e9niche. Inspir\u00e9 de l\u2019univers m\u00e9diterran\u00e9en et maritime, le logo m\u00eale \u00e9l\u00e9gance contemporaine et chaleur intemporelle, traduisant l\u2019atmosph\u00e8re apaisante de la C\u00f4te d\u2019Azur. D\u00e9ploy\u00e9e sur les menus, enseignes, packagings, uniformes et vaisselle, cette identit\u00e9 invite \u00e0 la d\u00e9tente et [&hellip;]<\/p>\n","protected":false},"author":1,"featured_media":0,"parent":0,"menu_order":0,"comment_status":"closed","ping_status":"closed","template":"","meta":{"footnotes":""},"class_list":["post-163","page","type-page","status-publish","hentry"],"_links":{"self":[{"href":"https:\/\/coralieleufroy.fr\/index.php\/wp-json\/wp\/v2\/pages\/163","targetHints":{"allow":["GET"]}}],"collection":[{"href":"https:\/\/coralieleufroy.fr\/index.php\/wp-json\/wp\/v2\/pages"}],"about":[{"href":"https:\/\/coralieleufroy.fr\/index.php\/wp-json\/wp\/v2\/types\/page"}],"author":[{"embeddable":true,"href":"https:\/\/coralieleufroy.fr\/index.php\/wp-json\/wp\/v2\/users\/1"}],"replies":[{"embeddable":true,"href":"https:\/\/coralieleufroy.fr\/index.php\/wp-json\/wp\/v2\/comments?post=163"}],"version-history":[{"count":1,"href":"https:\/\/coralieleufroy.fr\/index.php\/wp-json\/wp\/v2\/pages\/163\/revisions"}],"predecessor-version":[{"id":169,"href":"https:\/\/coralieleufroy.fr\/index.php\/wp-json\/wp\/v2\/pages\/163\/revisions\/169"}],"wp:attachment":[{"href":"https:\/\/coralieleufroy.fr\/index.php\/wp-json\/wp\/v2\/media?parent=163"}],"curies":[{"name":"wp","href":"https:\/\/api.w.org\/{rel}","templated":true}]}}