{"id":154,"date":"2025-07-18T11:53:46","date_gmt":"2025-07-18T11:53:46","guid":{"rendered":"https:\/\/coralieleufroy.fr\/?page_id=154"},"modified":"2025-07-18T11:53:46","modified_gmt":"2025-07-18T11:53:46","slug":"puppy-pause","status":"publish","type":"page","link":"https:\/\/coralieleufroy.fr\/index.php\/puppy-pause\/","title":{"rendered":"Puppy pause"},"content":{"rendered":"\n<h2 class=\"wp-block-heading\">Puppy pause<\/h2>\n\n\n\n<div class=\"wp-block-media-text alignwide is-stacked-on-mobile\" style=\"grid-template-columns:30% auto\"><figure class=\"wp-block-media-text__media\"><img loading=\"lazy\" decoding=\"async\" width=\"1024\" height=\"457\" src=\"https:\/\/coralieleufroy.fr\/wp-content\/uploads\/2025\/07\/LOGO_1-1024x457.png\" alt=\"\" class=\"wp-image-156 size-full\" srcset=\"https:\/\/coralieleufroy.fr\/wp-content\/uploads\/2025\/07\/LOGO_1-1024x457.png 1024w, https:\/\/coralieleufroy.fr\/wp-content\/uploads\/2025\/07\/LOGO_1-300x134.png 300w, https:\/\/coralieleufroy.fr\/wp-content\/uploads\/2025\/07\/LOGO_1-768x343.png 768w, https:\/\/coralieleufroy.fr\/wp-content\/uploads\/2025\/07\/LOGO_1-1536x685.png 1536w, https:\/\/coralieleufroy.fr\/wp-content\/uploads\/2025\/07\/LOGO_1-2048x914.png 2048w\" sizes=\"auto, (max-width: 1024px) 100vw, 1024px\" \/><\/figure><div class=\"wp-block-media-text__content\">\n<p>Pour Puppy Pause, j\u2019ai imagin\u00e9 une identit\u00e9 visuelle joyeuse et r\u00e9confortante, \u00e0 l\u2019image de leur concept unique : offrir un moment de d\u00e9tente autour d\u2019une boisson, en compagnie de chiots. L\u2019univers graphique traduit la chaleur, la complicit\u00e9 homme\/animal et l\u2019\u00e9quilibre entre ludisme et engagement pour le bien-\u00eatre animal. Un projet o\u00f9 chaque \u00e9l\u00e9ment visuel participe \u00e0 cr\u00e9er une bulle de douceur et de bienveillance.<\/p>\n<\/div><\/div>\n\n\n\n<figure class=\"wp-block-image alignfull size-large\"><img loading=\"lazy\" decoding=\"async\" width=\"1024\" height=\"683\" src=\"https:\/\/coralieleufroy.fr\/wp-content\/uploads\/2025\/07\/CAFE-devanture-1024x683.png\" alt=\"\" class=\"wp-image-152\" srcset=\"https:\/\/coralieleufroy.fr\/wp-content\/uploads\/2025\/07\/CAFE-devanture-1024x683.png 1024w, https:\/\/coralieleufroy.fr\/wp-content\/uploads\/2025\/07\/CAFE-devanture-300x200.png 300w, https:\/\/coralieleufroy.fr\/wp-content\/uploads\/2025\/07\/CAFE-devanture-768x512.png 768w, https:\/\/coralieleufroy.fr\/wp-content\/uploads\/2025\/07\/CAFE-devanture-1536x1024.png 1536w, https:\/\/coralieleufroy.fr\/wp-content\/uploads\/2025\/07\/CAFE-devanture-2048x1365.png 2048w\" sizes=\"auto, (max-width: 1024px) 100vw, 1024px\" \/><\/figure>\n","protected":false},"excerpt":{"rendered":"<p>Puppy pause Pour Puppy Pause, j\u2019ai imagin\u00e9 une identit\u00e9 visuelle joyeuse et r\u00e9confortante, \u00e0 l\u2019image de leur concept unique : offrir un moment de d\u00e9tente autour d\u2019une boisson, en compagnie de chiots. L\u2019univers graphique traduit la chaleur, la complicit\u00e9 homme\/animal et l\u2019\u00e9quilibre entre ludisme et engagement pour le bien-\u00eatre animal. Un projet o\u00f9 chaque \u00e9l\u00e9ment [&hellip;]<\/p>\n","protected":false},"author":1,"featured_media":0,"parent":0,"menu_order":0,"comment_status":"closed","ping_status":"closed","template":"","meta":{"footnotes":""},"class_list":["post-154","page","type-page","status-publish","hentry"],"_links":{"self":[{"href":"https:\/\/coralieleufroy.fr\/index.php\/wp-json\/wp\/v2\/pages\/154","targetHints":{"allow":["GET"]}}],"collection":[{"href":"https:\/\/coralieleufroy.fr\/index.php\/wp-json\/wp\/v2\/pages"}],"about":[{"href":"https:\/\/coralieleufroy.fr\/index.php\/wp-json\/wp\/v2\/types\/page"}],"author":[{"embeddable":true,"href":"https:\/\/coralieleufroy.fr\/index.php\/wp-json\/wp\/v2\/users\/1"}],"replies":[{"embeddable":true,"href":"https:\/\/coralieleufroy.fr\/index.php\/wp-json\/wp\/v2\/comments?post=154"}],"version-history":[{"count":1,"href":"https:\/\/coralieleufroy.fr\/index.php\/wp-json\/wp\/v2\/pages\/154\/revisions"}],"predecessor-version":[{"id":157,"href":"https:\/\/coralieleufroy.fr\/index.php\/wp-json\/wp\/v2\/pages\/154\/revisions\/157"}],"wp:attachment":[{"href":"https:\/\/coralieleufroy.fr\/index.php\/wp-json\/wp\/v2\/media?parent=154"}],"curies":[{"name":"wp","href":"https:\/\/api.w.org\/{rel}","templated":true}]}}