{"id":119,"date":"2025-07-18T09:42:36","date_gmt":"2025-07-18T09:42:36","guid":{"rendered":"https:\/\/coralieleufroy.fr\/?page_id=119"},"modified":"2025-12-16T11:59:33","modified_gmt":"2025-12-16T11:59:33","slug":"a-propos","status":"publish","type":"page","link":"https:\/\/coralieleufroy.fr\/index.php\/a-propos\/","title":{"rendered":"\u00c0 propos"},"content":{"rendered":"\n<h2 class=\"wp-block-heading has-brush-up-font-family\">Qui suis-je ? <\/h2>\n\n\n\n<div class=\"wp-block-media-text is-stacked-on-mobile\" style=\"grid-template-columns:32% auto\"><figure class=\"wp-block-media-text__media\"><img loading=\"lazy\" decoding=\"async\" width=\"768\" height=\"1024\" src=\"https:\/\/coralieleufroy.fr\/wp-content\/uploads\/2025\/07\/photo-haut-noir-fond-fleuri-1-768x1024.png\" alt=\"\" class=\"wp-image-122 size-full\" srcset=\"https:\/\/coralieleufroy.fr\/wp-content\/uploads\/2025\/07\/photo-haut-noir-fond-fleuri-1-768x1024.png 768w, https:\/\/coralieleufroy.fr\/wp-content\/uploads\/2025\/07\/photo-haut-noir-fond-fleuri-1-225x300.png 225w, https:\/\/coralieleufroy.fr\/wp-content\/uploads\/2025\/07\/photo-haut-noir-fond-fleuri-1-1152x1536.png 1152w, https:\/\/coralieleufroy.fr\/wp-content\/uploads\/2025\/07\/photo-haut-noir-fond-fleuri-1.png 1512w\" sizes=\"auto, (max-width: 768px) 100vw, 768px\" \/><\/figure><div class=\"wp-block-media-text__content\">\n<p class=\"has-medium-font-size\"><br>Hello, je suis <strong>Coralie<\/strong>, graphiste et directrice artistique passionn\u00e9e. J\u2019aime imaginer, composer, raconter\u2026 et surtout <strong>vous aider \u00e0 construire une identit\u00e9 visuelle forte, sinc\u00e8re et align\u00e9e avec vos valeurs<\/strong>.<\/p>\n<\/div><\/div>\n\n\n\n<div class=\"wp-block-cover alignfull has-custom-jaune-color has-text-color has-link-color wp-elements-e2508123a4ccafd5f93879d1ad452bb7\" style=\"min-height:210px;aspect-ratio:unset;\"><span aria-hidden=\"true\" class=\"wp-block-cover__background has-custom-bleu-background-color has-background-dim-100 has-background-dim\"><\/span><div class=\"wp-block-cover__inner-container has-global-padding is-layout-constrained wp-block-cover-is-layout-constrained\">\n<p class=\"has-text-align-left has-medium-font-size\"><br>Logo, identit\u00e9 de marque, cr\u00e9ation de contenu : je con\u00e7ois des univers visuels uniques, pens\u00e9s pour <strong>vous d\u00e9marquer et marquer les esprits<\/strong>.<br>Parce que votre marque m\u00e9rite le meilleur, je mets ma cr\u00e9ativit\u00e9 au service d\u2019une image claire, coh\u00e9rente et m\u00e9morable.<\/p>\n<\/div><\/div>\n","protected":false},"excerpt":{"rendered":"<p>Qui suis-je ? Hello, je suis Coralie, graphiste et directrice artistique passionn\u00e9e. J\u2019aime imaginer, composer, raconter\u2026 et surtout vous aider \u00e0 construire une identit\u00e9 visuelle forte, sinc\u00e8re et align\u00e9e avec vos valeurs.<\/p>\n","protected":false},"author":1,"featured_media":0,"parent":0,"menu_order":0,"comment_status":"closed","ping_status":"closed","template":"","meta":{"footnotes":""},"class_list":["post-119","page","type-page","status-publish","hentry"],"_links":{"self":[{"href":"https:\/\/coralieleufroy.fr\/index.php\/wp-json\/wp\/v2\/pages\/119","targetHints":{"allow":["GET"]}}],"collection":[{"href":"https:\/\/coralieleufroy.fr\/index.php\/wp-json\/wp\/v2\/pages"}],"about":[{"href":"https:\/\/coralieleufroy.fr\/index.php\/wp-json\/wp\/v2\/types\/page"}],"author":[{"embeddable":true,"href":"https:\/\/coralieleufroy.fr\/index.php\/wp-json\/wp\/v2\/users\/1"}],"replies":[{"embeddable":true,"href":"https:\/\/coralieleufroy.fr\/index.php\/wp-json\/wp\/v2\/comments?post=119"}],"version-history":[{"count":8,"href":"https:\/\/coralieleufroy.fr\/index.php\/wp-json\/wp\/v2\/pages\/119\/revisions"}],"predecessor-version":[{"id":295,"href":"https:\/\/coralieleufroy.fr\/index.php\/wp-json\/wp\/v2\/pages\/119\/revisions\/295"}],"wp:attachment":[{"href":"https:\/\/coralieleufroy.fr\/index.php\/wp-json\/wp\/v2\/media?parent=119"}],"curies":[{"name":"wp","href":"https:\/\/api.w.org\/{rel}","templated":true}]}}